{"id":27,"date":"2020-07-14T13:16:27","date_gmt":"2020-07-14T13:16:27","guid":{"rendered":"https:\/\/blog.welt-des-tantra.de\/?page_id=27"},"modified":"2020-07-15T06:38:43","modified_gmt":"2020-07-15T06:38:43","slug":"impressum","status":"publish","type":"page","link":"https:\/\/blog.welt-des-tantra.de\/index.php\/impressum\/","title":{"rendered":"Impressum"},"content":{"rendered":"<p><strong>Angaben gem\u00e4\u00df \u00a7 5 TMG:<\/strong><br \/>\nLucian Loosen<br \/>\nKularnava\u00ae \u2013 Das Tantra-Institut<br \/>\nZum Dornbusch 21<br \/>\n51766 Engelskirchen<br \/>\n<strong>Kontakt:<\/strong><\/p>\n<table>\n<tbody>\n<tr>\n<td>Telefon:<\/td>\n<td>02263 \/ 90 17 41<\/td>\n<\/tr>\n<tr>\n<td>Telefax:<\/td>\n<td>02263 \/ 48 19 78<\/td>\n<\/tr>\n<tr>\n<td>E-Mail:<\/td>\n<td>info@kularnava.de<\/td>\n<\/tr>\n<\/tbody>\n<\/table>\n<p><strong>Verantwortlich f\u00fcr den Inhalt nach \u00a7 55 Abs. 2 RStV:<\/strong><br \/>\nLucian Loosen<br \/>\n<strong>Hinweis auf EU-Streitschlichtung<\/strong><br \/>\nDie Europ\u00e4ische Kommission stellt eine Plattform zur Online-Streitbeilegung (OS) bereit: <a href=\"http:\/\/ec.europa.eu\/consumers\/odr\">http:\/\/ec.europa.eu\/consumers\/odr<\/a><br \/>\nUnsere E-Mail-Adresse finden sie oben im Impressum.<br \/>\n<strong>Bankverbindungen:<\/strong><br \/>\nBankverbindung Kularnava Nord<br \/>\nKontoinhaber: Astrid Goebel<br \/>\nInstitut: HASPA<br \/>\nIBAN: DE71200505501031779703<br \/>\nBIC: HASPDEHHXXX<\/p>\n<p>Bankverbindung Kularnava Mitte<br \/>\nKontoinhaber: Lucian Loosen<br \/>\nInstitut: Postbank K\u00f6ln<br \/>\nIBAN: DE03370100500429938500<br \/>\nBIC: PBNKDEFF<\/p>\n<p>Bankverbindung Kularnava S\u00fcd<br \/>\nKontoinhaber: Lucian Loosen<br \/>\nInstitut: Postbank K\u00f6ln<br \/>\nIBAN: DE03370100500429938500<br \/>\nBIC: PBNKDEFF<\/p>\n<p>Bankverbindung Kularnava Schweiz<br \/>\nKontoinhaber: Ruth Oschwald<br \/>\nInstitut: UBS Switzerland<br \/>\nIBAN: CH740020220290415141A<br \/>\nBIC: UBSWCHZH80A<br \/>\n<strong>Haftungsausschluss (Disclaimer)<\/strong><br \/>\n<strong>Haftung f\u00fcr Inhalte<\/strong><\/p>\n<p>Als Diensteanbieter sind wir gem\u00e4\u00df \u00a7 7 Abs.1 TMG f\u00fcr eigene Inhalte auf diesen Seiten nach den allgemeinen Gesetzen verantwortlich. Nach \u00a7\u00a7 8 bis 10 TMG sind wir als Diensteanbieter jedoch nicht verpflichtet, \u00fcbermittelte oder gespeicherte fremde Informationen zu \u00fcberwachen oder nach Umst\u00e4nden zu forschen, die auf eine rechtswidrige T\u00e4tigkeit hinweisen. Verpflichtungen zur Entfernung oder Sperrung der Nutzung von Informationen nach den allgemeinen Gesetzen bleiben hiervon unber\u00fchrt. Eine diesbez\u00fcgliche Haftung ist jedoch erst ab dem Zeitpunkt der Kenntnis einer konkreten Rechtsverletzung m\u00f6glich. Bei Bekanntwerden von entsprechenden Rechtsverletzungen werden wir diese Inhalte umgehend entfernen.<\/p>\n<p><strong>Haftung f\u00fcr Links<\/strong><\/p>\n<p>Unser Angebot enth\u00e4lt Links zu externen Webseiten Dritter, auf deren Inhalte wir keinen Einfluss haben. Deshalb k\u00f6nnen wir f\u00fcr diese fremden Inhalte auch keine Gew\u00e4hr \u00fcbernehmen. F\u00fcr die Inhalte der verlinkten Seiten ist stets der jeweilige Anbieter oder Betreiber der Seiten verantwortlich. Die verlinkten Seiten wurden zum Zeitpunkt der Verlinkung auf m\u00f6gliche Rechtsverst\u00f6\u00dfe \u00fcberpr\u00fcft. Rechtswidrige Inhalte waren zum Zeitpunkt der Verlinkung nicht erkennbar. Eine permanente inhaltliche Kontrolle der verlinkten Seiten ist jedoch ohne konkrete Anhaltspunkte einer Rechtsverletzung nicht zumutbar. Bei Bekanntwerden von Rechtsverletzungen werden wir derartige Links umgehend entfernen.<\/p>\n<p><strong>Urheberrecht<\/strong><\/p>\n<p>Die durch die Seitenbetreiber erstellten Inhalte und Werke auf diesen Seiten unterliegen dem deutschen Urheberrecht. Die Vervielf\u00e4ltigung, Bearbeitung, Verbreitung und jede Art der Verwertung au\u00dferhalb der Grenzen des Urheberrechtes bed\u00fcrfen der schriftlichen Zustimmung des jeweiligen Autors bzw. Erstellers. Downloads und Kopien dieser Seite sind nur f\u00fcr den privaten, nicht kommerziellen Gebrauch gestattet. Soweit die Inhalte auf dieser Seite nicht vom Betreiber erstellt wurden, werden die Urheberrechte Dritter beachtet. Insbesondere werden Inhalte Dritter als solche gekennzeichnet. Sollten Sie trotzdem auf eine Urheberrechtsverletzung aufmerksam werden, bitten wir um einen entsprechenden Hinweis. Bei Bekanntwerden von Rechtsverletzungen werden wir derartige Inhalte umgehend entfernen.<\/p>\n<p>&nbsp;<\/p>\n","protected":false},"excerpt":{"rendered":"<p>Angaben gem\u00e4\u00df \u00a7 5 TMG: Lucian Loosen Kularnava\u00ae \u2013 Das Tantra-Institut Zum Dornbusch 21 51766 Engelskirchen Kontakt: Telefon: 02263 \/ 90 17 41 Telefax: 02263 \/ 48 19 78 E-Mail: info@kularnava.de Verantwortlich f\u00fcr den&#46;&#46;&#46;<\/p>\n","protected":false},"author":1,"featured_media":0,"parent":0,"menu_order":0,"comment_status":"closed","ping_status":"closed","template":"","meta":{"footnotes":""},"class_list":["post-27","page","type-page","status-publish","hentry"],"yoast_head":"<!-- This site is optimized with the Yoast SEO plugin v27.4 - https:\/\/yoast.com\/product\/yoast-seo-wordpress\/ -->\n<title>Impressum - Kularnava<\/title>\n<meta name=\"robots\" content=\"index, follow, max-snippet:-1, max-image-preview:large, max-video-preview:-1\" \/>\n<link rel=\"canonical\" href=\"https:\/\/blog.welt-des-tantra.de\/index.php\/impressum\/\" \/>\n<meta property=\"og:locale\" content=\"de_DE\" \/>\n<meta property=\"og:type\" content=\"article\" \/>\n<meta property=\"og:title\" content=\"Impressum - Kularnava\" \/>\n<meta property=\"og:description\" content=\"Angaben gem\u00e4\u00df \u00a7 5 TMG: Lucian Loosen Kularnava\u00ae \u2013 Das Tantra-Institut Zum Dornbusch 21 51766 Engelskirchen Kontakt: Telefon: 02263 \/ 90 17 41 Telefax: 02263 \/ 48 19 78 E-Mail: info@kularnava.de Verantwortlich f\u00fcr den&#046;&#046;&#046;\" \/>\n<meta property=\"og:url\" content=\"https:\/\/blog.welt-des-tantra.de\/index.php\/impressum\/\" \/>\n<meta property=\"og:site_name\" content=\"Kularnava\" \/>\n<meta property=\"article:modified_time\" content=\"2020-07-15T06:38:43+00:00\" \/>\n<meta name=\"twitter:card\" content=\"summary_large_image\" \/>\n<meta name=\"twitter:label1\" content=\"Gesch\u00e4tzte Lesezeit\" \/>\n\t<meta name=\"twitter:data1\" content=\"2\u00a0Minuten\" \/>\n<script type=\"application\/ld+json\" class=\"yoast-schema-graph\">{\"@context\":\"https:\\\/\\\/schema.org\",\"@graph\":[{\"@type\":\"WebPage\",\"@id\":\"https:\\\/\\\/blog.welt-des-tantra.de\\\/index.php\\\/impressum\\\/\",\"url\":\"https:\\\/\\\/blog.welt-des-tantra.de\\\/index.php\\\/impressum\\\/\",\"name\":\"Impressum - Kularnava\",\"isPartOf\":{\"@id\":\"https:\\\/\\\/blog.welt-des-tantra.de\\\/#website\"},\"datePublished\":\"2020-07-14T13:16:27+00:00\",\"dateModified\":\"2020-07-15T06:38:43+00:00\",\"breadcrumb\":{\"@id\":\"https:\\\/\\\/blog.welt-des-tantra.de\\\/index.php\\\/impressum\\\/#breadcrumb\"},\"inLanguage\":\"de\",\"potentialAction\":[{\"@type\":\"ReadAction\",\"target\":[\"https:\\\/\\\/blog.welt-des-tantra.de\\\/index.php\\\/impressum\\\/\"]}]},{\"@type\":\"BreadcrumbList\",\"@id\":\"https:\\\/\\\/blog.welt-des-tantra.de\\\/index.php\\\/impressum\\\/#breadcrumb\",\"itemListElement\":[{\"@type\":\"ListItem\",\"position\":1,\"name\":\"Home\",\"item\":\"https:\\\/\\\/blog.welt-des-tantra.de\\\/\"},{\"@type\":\"ListItem\",\"position\":2,\"name\":\"Impressum\"}]},{\"@type\":\"WebSite\",\"@id\":\"https:\\\/\\\/blog.welt-des-tantra.de\\\/#website\",\"url\":\"https:\\\/\\\/blog.welt-des-tantra.de\\\/\",\"name\":\"Kularnava\",\"description\":\"Liebeskunst und Lebensweg\",\"publisher\":{\"@id\":\"https:\\\/\\\/blog.welt-des-tantra.de\\\/#organization\"},\"potentialAction\":[{\"@type\":\"SearchAction\",\"target\":{\"@type\":\"EntryPoint\",\"urlTemplate\":\"https:\\\/\\\/blog.welt-des-tantra.de\\\/?s={search_term_string}\"},\"query-input\":{\"@type\":\"PropertyValueSpecification\",\"valueRequired\":true,\"valueName\":\"search_term_string\"}}],\"inLanguage\":\"de\"},{\"@type\":\"Organization\",\"@id\":\"https:\\\/\\\/blog.welt-des-tantra.de\\\/#organization\",\"name\":\"Kularnava\",\"url\":\"https:\\\/\\\/blog.welt-des-tantra.de\\\/\",\"logo\":{\"@type\":\"ImageObject\",\"inLanguage\":\"de\",\"@id\":\"https:\\\/\\\/blog.welt-des-tantra.de\\\/#\\\/schema\\\/logo\\\/image\\\/\",\"url\":\"https:\\\/\\\/blog.welt-des-tantra.de\\\/wp-content\\\/uploads\\\/2020\\\/07\\\/cropped-LOGO_Kularnava-Tantra_580x250.png\",\"contentUrl\":\"https:\\\/\\\/blog.welt-des-tantra.de\\\/wp-content\\\/uploads\\\/2020\\\/07\\\/cropped-LOGO_Kularnava-Tantra_580x250.png\",\"width\":580,\"height\":232,\"caption\":\"Kularnava\"},\"image\":{\"@id\":\"https:\\\/\\\/blog.welt-des-tantra.de\\\/#\\\/schema\\\/logo\\\/image\\\/\"}}]}<\/script>\n<!-- \/ Yoast SEO plugin. -->","yoast_head_json":{"title":"Impressum - Kularnava","robots":{"index":"index","follow":"follow","max-snippet":"max-snippet:-1","max-image-preview":"max-image-preview:large","max-video-preview":"max-video-preview:-1"},"canonical":"https:\/\/blog.welt-des-tantra.de\/index.php\/impressum\/","og_locale":"de_DE","og_type":"article","og_title":"Impressum - Kularnava","og_description":"Angaben gem\u00e4\u00df \u00a7 5 TMG: Lucian Loosen Kularnava\u00ae \u2013 Das Tantra-Institut Zum Dornbusch 21 51766 Engelskirchen Kontakt: Telefon: 02263 \/ 90 17 41 Telefax: 02263 \/ 48 19 78 E-Mail: info@kularnava.de Verantwortlich f\u00fcr den&#46;&#46;&#46;","og_url":"https:\/\/blog.welt-des-tantra.de\/index.php\/impressum\/","og_site_name":"Kularnava","article_modified_time":"2020-07-15T06:38:43+00:00","twitter_card":"summary_large_image","twitter_misc":{"Gesch\u00e4tzte Lesezeit":"2\u00a0Minuten"},"schema":{"@context":"https:\/\/schema.org","@graph":[{"@type":"WebPage","@id":"https:\/\/blog.welt-des-tantra.de\/index.php\/impressum\/","url":"https:\/\/blog.welt-des-tantra.de\/index.php\/impressum\/","name":"Impressum - Kularnava","isPartOf":{"@id":"https:\/\/blog.welt-des-tantra.de\/#website"},"datePublished":"2020-07-14T13:16:27+00:00","dateModified":"2020-07-15T06:38:43+00:00","breadcrumb":{"@id":"https:\/\/blog.welt-des-tantra.de\/index.php\/impressum\/#breadcrumb"},"inLanguage":"de","potentialAction":[{"@type":"ReadAction","target":["https:\/\/blog.welt-des-tantra.de\/index.php\/impressum\/"]}]},{"@type":"BreadcrumbList","@id":"https:\/\/blog.welt-des-tantra.de\/index.php\/impressum\/#breadcrumb","itemListElement":[{"@type":"ListItem","position":1,"name":"Home","item":"https:\/\/blog.welt-des-tantra.de\/"},{"@type":"ListItem","position":2,"name":"Impressum"}]},{"@type":"WebSite","@id":"https:\/\/blog.welt-des-tantra.de\/#website","url":"https:\/\/blog.welt-des-tantra.de\/","name":"Kularnava","description":"Liebeskunst und Lebensweg","publisher":{"@id":"https:\/\/blog.welt-des-tantra.de\/#organization"},"potentialAction":[{"@type":"SearchAction","target":{"@type":"EntryPoint","urlTemplate":"https:\/\/blog.welt-des-tantra.de\/?s={search_term_string}"},"query-input":{"@type":"PropertyValueSpecification","valueRequired":true,"valueName":"search_term_string"}}],"inLanguage":"de"},{"@type":"Organization","@id":"https:\/\/blog.welt-des-tantra.de\/#organization","name":"Kularnava","url":"https:\/\/blog.welt-des-tantra.de\/","logo":{"@type":"ImageObject","inLanguage":"de","@id":"https:\/\/blog.welt-des-tantra.de\/#\/schema\/logo\/image\/","url":"https:\/\/blog.welt-des-tantra.de\/wp-content\/uploads\/2020\/07\/cropped-LOGO_Kularnava-Tantra_580x250.png","contentUrl":"https:\/\/blog.welt-des-tantra.de\/wp-content\/uploads\/2020\/07\/cropped-LOGO_Kularnava-Tantra_580x250.png","width":580,"height":232,"caption":"Kularnava"},"image":{"@id":"https:\/\/blog.welt-des-tantra.de\/#\/schema\/logo\/image\/"}}]}},"_links":{"self":[{"href":"https:\/\/blog.welt-des-tantra.de\/index.php\/wp-json\/wp\/v2\/pages\/27","targetHints":{"allow":["GET"]}}],"collection":[{"href":"https:\/\/blog.welt-des-tantra.de\/index.php\/wp-json\/wp\/v2\/pages"}],"about":[{"href":"https:\/\/blog.welt-des-tantra.de\/index.php\/wp-json\/wp\/v2\/types\/page"}],"author":[{"embeddable":true,"href":"https:\/\/blog.welt-des-tantra.de\/index.php\/wp-json\/wp\/v2\/users\/1"}],"replies":[{"embeddable":true,"href":"https:\/\/blog.welt-des-tantra.de\/index.php\/wp-json\/wp\/v2\/comments?post=27"}],"version-history":[{"count":6,"href":"https:\/\/blog.welt-des-tantra.de\/index.php\/wp-json\/wp\/v2\/pages\/27\/revisions"}],"predecessor-version":[{"id":67,"href":"https:\/\/blog.welt-des-tantra.de\/index.php\/wp-json\/wp\/v2\/pages\/27\/revisions\/67"}],"wp:attachment":[{"href":"https:\/\/blog.welt-des-tantra.de\/index.php\/wp-json\/wp\/v2\/media?parent=27"}],"curies":[{"name":"wp","href":"https:\/\/api.w.org\/{rel}","templated":true}]}}